{"id":872,"date":"2019-12-10T18:25:05","date_gmt":"2019-12-10T20:25:05","guid":{"rendered":"https:\/\/demoura.com.br\/?page_id=872"},"modified":"2019-12-11T13:37:16","modified_gmt":"2019-12-11T15:37:16","slug":"politicas-coorporativas","status":"publish","type":"page","link":"https:\/\/demoura.com.br\/en_us\/politicas-coorporativas\/","title":{"rendered":"Corporate policies"},"content":{"rendered":"<p>The company does not have, in its production chain, employees performing degrading or forced labor, observing the provisions of items III and IV of art. 1 and item III of art. 5 of the Brazilian Constitution;<\/p>\n\n\n\n<p>The company does not employ minors under 18 years old in night, dangerous or unhealthy work and does not employ minors under 16 years old, except under 14 years old, as an apprentice, pursuant to article 7, XXXIII, of the Brazilian Constitution ;<\/p>\n\n\n\n<p>The Company prohibits and does not tolerate any practice of bribery and payment or receipt of bribes either with the Public Administration, national or foreign, or with Private Companies, based on the Brazilian Anti-Corruption Law, No. 12.846, dated august 1, 2013 and on international anti-corruption laws.&nbsp; <a href=\"https:\/\/legislacao.planalto.gov.br\/legisla\/legislacao.nsf\/Viw_Identificacao\/lei%2012.846-2013?OpenDocument\">LEI anticorrup\u00e7\u00e3o brasileira, N\u00ba 12.846, DE 1\u00ba DE AGOSTO DE 2013. <\/a>&nbsp;E nas leis internacionais\nanticorrup\u00e7\u00e3o.<\/p>\n\n\n\n<p><\/p>","protected":false},"excerpt":{"rendered":"<p>A empresa n\u00e3o possui, em sua cadeia produtiva, empregados executando trabalho degradante ou for\u00e7ado, observando o disposto nos incisos III e IV do art. 1\u00ba e no inciso III do art. 5\u00ba da Constitui\u00e7\u00e3o Federal; A empresa n\u00e3o emprega menor de 18 anos em trabalho noturno, perigoso ou insalubre e n\u00e3o emprega menor de 16 [&hellip;]<\/p>\n","protected":false},"author":2,"featured_media":0,"parent":0,"menu_order":0,"comment_status":"closed","ping_status":"closed","template":"","meta":{"footnotes":""},"class_list":["post-872","page","type-page","status-publish","hentry"],"yoast_head":"<!-- This site is optimized with the Yoast SEO plugin v27.3 - https:\/\/yoast.com\/product\/yoast-seo-wordpress\/ -->\n<title>Pol\u00edticas Coorporativas - De Moura Shipping<\/title>\n<meta name=\"robots\" content=\"index, follow, max-snippet:-1, max-image-preview:large, max-video-preview:-1\" \/>\n<link rel=\"canonical\" href=\"https:\/\/demoura.com.br\/en_us\/politicas-coorporativas\/\" \/>\n<meta property=\"og:locale\" content=\"en_US\" \/>\n<meta property=\"og:type\" content=\"article\" \/>\n<meta property=\"og:title\" content=\"Pol\u00edticas Coorporativas - De Moura Shipping\" \/>\n<meta property=\"og:description\" content=\"A empresa n\u00e3o possui, em sua cadeia produtiva, empregados executando trabalho degradante ou for\u00e7ado, observando o disposto nos incisos III e IV do art. 1\u00ba e no inciso III do art. 5\u00ba da Constitui\u00e7\u00e3o Federal; A empresa n\u00e3o emprega menor de 18 anos em trabalho noturno, perigoso ou insalubre e n\u00e3o emprega menor de 16 [&hellip;]\" \/>\n<meta property=\"og:url\" content=\"https:\/\/demoura.com.br\/en_us\/politicas-coorporativas\/\" \/>\n<meta property=\"og:site_name\" content=\"De Moura Shipping\" \/>\n<meta property=\"article:modified_time\" content=\"2019-12-11T15:37:16+00:00\" \/>\n<meta name=\"twitter:card\" content=\"summary_large_image\" \/>\n<meta name=\"twitter:label1\" content=\"Est. reading time\" \/>\n\t<meta name=\"twitter:data1\" content=\"1 minute\" \/>\n<script type=\"application\/ld+json\" class=\"yoast-schema-graph\">{\"@context\":\"https:\\\/\\\/schema.org\",\"@graph\":[{\"@type\":\"WebPage\",\"@id\":\"https:\\\/\\\/demoura.com.br\\\/politicas-coorporativas\\\/\",\"url\":\"https:\\\/\\\/demoura.com.br\\\/politicas-coorporativas\\\/\",\"name\":\"Pol\u00edticas Coorporativas - De Moura Shipping\",\"isPartOf\":{\"@id\":\"https:\\\/\\\/demoura.com.br\\\/#website\"},\"datePublished\":\"2019-12-10T20:25:05+00:00\",\"dateModified\":\"2019-12-11T15:37:16+00:00\",\"breadcrumb\":{\"@id\":\"https:\\\/\\\/demoura.com.br\\\/politicas-coorporativas\\\/#breadcrumb\"},\"inLanguage\":\"en-US\",\"potentialAction\":[{\"@type\":\"ReadAction\",\"target\":[\"https:\\\/\\\/demoura.com.br\\\/politicas-coorporativas\\\/\"]}]},{\"@type\":\"BreadcrumbList\",\"@id\":\"https:\\\/\\\/demoura.com.br\\\/politicas-coorporativas\\\/#breadcrumb\",\"itemListElement\":[{\"@type\":\"ListItem\",\"position\":1,\"name\":\"Home\",\"item\":\"https:\\\/\\\/demoura.com.br\\\/\"},{\"@type\":\"ListItem\",\"position\":2,\"name\":\"Pol\u00edticas Coorporativas\"}]},{\"@type\":\"WebSite\",\"@id\":\"https:\\\/\\\/demoura.com.br\\\/#website\",\"url\":\"https:\\\/\\\/demoura.com.br\\\/\",\"name\":\"De Moura Shipping\",\"description\":\"Corretagem naval na compra e venda de tonelagem de segunda-m\u00e3o.\",\"publisher\":{\"@id\":\"https:\\\/\\\/demoura.com.br\\\/#organization\"},\"potentialAction\":[{\"@type\":\"SearchAction\",\"target\":{\"@type\":\"EntryPoint\",\"urlTemplate\":\"https:\\\/\\\/demoura.com.br\\\/?s={search_term_string}\"},\"query-input\":{\"@type\":\"PropertyValueSpecification\",\"valueRequired\":true,\"valueName\":\"search_term_string\"}}],\"inLanguage\":\"en-US\"},{\"@type\":\"Organization\",\"@id\":\"https:\\\/\\\/demoura.com.br\\\/#organization\",\"name\":\"De Moura Shipping\",\"url\":\"https:\\\/\\\/demoura.com.br\\\/\",\"logo\":{\"@type\":\"ImageObject\",\"inLanguage\":\"en-US\",\"@id\":\"https:\\\/\\\/demoura.com.br\\\/#\\\/schema\\\/logo\\\/image\\\/\",\"url\":\"https:\\\/\\\/demoura.com.br\\\/wp-content\\\/uploads\\\/2019\\\/05\\\/logotipo-de-moura-30-anos.jpeg\",\"contentUrl\":\"https:\\\/\\\/demoura.com.br\\\/wp-content\\\/uploads\\\/2019\\\/05\\\/logotipo-de-moura-30-anos.jpeg\",\"width\":455,\"height\":148,\"caption\":\"De Moura Shipping\"},\"image\":{\"@id\":\"https:\\\/\\\/demoura.com.br\\\/#\\\/schema\\\/logo\\\/image\\\/\"}}]}<\/script>\n<!-- \/ Yoast SEO plugin. -->","yoast_head_json":{"title":"Pol\u00edticas Coorporativas - De Moura Shipping","robots":{"index":"index","follow":"follow","max-snippet":"max-snippet:-1","max-image-preview":"max-image-preview:large","max-video-preview":"max-video-preview:-1"},"canonical":"https:\/\/demoura.com.br\/en_us\/politicas-coorporativas\/","og_locale":"en_US","og_type":"article","og_title":"Pol\u00edticas Coorporativas - De Moura Shipping","og_description":"A empresa n\u00e3o possui, em sua cadeia produtiva, empregados executando trabalho degradante ou for\u00e7ado, observando o disposto nos incisos III e IV do art. 1\u00ba e no inciso III do art. 5\u00ba da Constitui\u00e7\u00e3o Federal; A empresa n\u00e3o emprega menor de 18 anos em trabalho noturno, perigoso ou insalubre e n\u00e3o emprega menor de 16 [&hellip;]","og_url":"https:\/\/demoura.com.br\/en_us\/politicas-coorporativas\/","og_site_name":"De Moura Shipping","article_modified_time":"2019-12-11T15:37:16+00:00","twitter_card":"summary_large_image","twitter_misc":{"Est. reading time":"1 minute"},"schema":{"@context":"https:\/\/schema.org","@graph":[{"@type":"WebPage","@id":"https:\/\/demoura.com.br\/politicas-coorporativas\/","url":"https:\/\/demoura.com.br\/politicas-coorporativas\/","name":"Pol\u00edticas Coorporativas - De Moura Shipping","isPartOf":{"@id":"https:\/\/demoura.com.br\/#website"},"datePublished":"2019-12-10T20:25:05+00:00","dateModified":"2019-12-11T15:37:16+00:00","breadcrumb":{"@id":"https:\/\/demoura.com.br\/politicas-coorporativas\/#breadcrumb"},"inLanguage":"en-US","potentialAction":[{"@type":"ReadAction","target":["https:\/\/demoura.com.br\/politicas-coorporativas\/"]}]},{"@type":"BreadcrumbList","@id":"https:\/\/demoura.com.br\/politicas-coorporativas\/#breadcrumb","itemListElement":[{"@type":"ListItem","position":1,"name":"Home","item":"https:\/\/demoura.com.br\/"},{"@type":"ListItem","position":2,"name":"Pol\u00edticas Coorporativas"}]},{"@type":"WebSite","@id":"https:\/\/demoura.com.br\/#website","url":"https:\/\/demoura.com.br\/","name":"De Moura Shipping","description":"Corretagem naval na compra e venda de tonelagem de segunda-m\u00e3o.","publisher":{"@id":"https:\/\/demoura.com.br\/#organization"},"potentialAction":[{"@type":"SearchAction","target":{"@type":"EntryPoint","urlTemplate":"https:\/\/demoura.com.br\/?s={search_term_string}"},"query-input":{"@type":"PropertyValueSpecification","valueRequired":true,"valueName":"search_term_string"}}],"inLanguage":"en-US"},{"@type":"Organization","@id":"https:\/\/demoura.com.br\/#organization","name":"De Moura Shipping","url":"https:\/\/demoura.com.br\/","logo":{"@type":"ImageObject","inLanguage":"en-US","@id":"https:\/\/demoura.com.br\/#\/schema\/logo\/image\/","url":"https:\/\/demoura.com.br\/wp-content\/uploads\/2019\/05\/logotipo-de-moura-30-anos.jpeg","contentUrl":"https:\/\/demoura.com.br\/wp-content\/uploads\/2019\/05\/logotipo-de-moura-30-anos.jpeg","width":455,"height":148,"caption":"De Moura Shipping"},"image":{"@id":"https:\/\/demoura.com.br\/#\/schema\/logo\/image\/"}}]}},"_links":{"self":[{"href":"https:\/\/demoura.com.br\/en_us\/wp-json\/wp\/v2\/pages\/872","targetHints":{"allow":["GET"]}}],"collection":[{"href":"https:\/\/demoura.com.br\/en_us\/wp-json\/wp\/v2\/pages"}],"about":[{"href":"https:\/\/demoura.com.br\/en_us\/wp-json\/wp\/v2\/types\/page"}],"author":[{"embeddable":true,"href":"https:\/\/demoura.com.br\/en_us\/wp-json\/wp\/v2\/users\/2"}],"replies":[{"embeddable":true,"href":"https:\/\/demoura.com.br\/en_us\/wp-json\/wp\/v2\/comments?post=872"}],"version-history":[{"count":2,"href":"https:\/\/demoura.com.br\/en_us\/wp-json\/wp\/v2\/pages\/872\/revisions"}],"predecessor-version":[{"id":874,"href":"https:\/\/demoura.com.br\/en_us\/wp-json\/wp\/v2\/pages\/872\/revisions\/874"}],"wp:attachment":[{"href":"https:\/\/demoura.com.br\/en_us\/wp-json\/wp\/v2\/media?parent=872"}],"curies":[{"name":"wp","href":"https:\/\/api.w.org\/{rel}","templated":true}]}}