{"id":352,"date":"2019-05-13T18:26:47","date_gmt":"2019-05-13T21:26:47","guid":{"rendered":"https:\/\/demoura.com.br\/?page_id=352"},"modified":"2019-12-10T14:12:47","modified_gmt":"2019-12-10T16:12:47","slug":"responsabilidade-social","status":"publish","type":"page","link":"https:\/\/demoura.com.br\/en_us\/responsabilidade-social\/","title":{"rendered":"Social responsability"},"content":{"rendered":"<div data-elementor-type=\"wp-post\" data-elementor-id=\"352\" class=\"elementor elementor-352\" data-elementor-post-type=\"page\">\n\t\t\t\t\t\t<section class=\"elementor-section elementor-top-section elementor-element elementor-element-8bc7826 elementor-section-stretched elementor-section-height-min-height elementor-section-boxed elementor-section-height-default elementor-section-items-middle\" data-id=\"8bc7826\" data-element_type=\"section\" data-e-type=\"section\" data-settings=\"{&quot;stretch_section&quot;:&quot;section-stretched&quot;,&quot;background_background&quot;:&quot;classic&quot;}\">\n\t\t\t\t\t\t<div class=\"elementor-container elementor-column-gap-default\">\n\t\t\t\t\t<div class=\"elementor-column elementor-col-100 elementor-top-column elementor-element elementor-element-a4e3fba\" data-id=\"a4e3fba\" data-element_type=\"column\" data-e-type=\"column\">\n\t\t\t<div class=\"elementor-widget-wrap\">\n\t\t\t\t\t\t\t<\/div>\n\t\t<\/div>\n\t\t\t\t\t<\/div>\n\t\t<\/section>\n\t\t\t\t<section class=\"elementor-section elementor-top-section elementor-element elementor-element-a8288bf elementor-reverse-tablet elementor-reverse-mobile elementor-section-boxed elementor-section-height-default elementor-section-height-default\" data-id=\"a8288bf\" data-element_type=\"section\" data-e-type=\"section\">\n\t\t\t\t\t\t<div class=\"elementor-container elementor-column-gap-default\">\n\t\t\t\t\t<div class=\"elementor-column elementor-col-33 elementor-top-column elementor-element elementor-element-c735829\" data-id=\"c735829\" data-element_type=\"column\" data-e-type=\"column\">\n\t\t\t<div class=\"elementor-widget-wrap\">\n\t\t\t\t\t\t\t<\/div>\n\t\t<\/div>\n\t\t\t\t<div class=\"elementor-column elementor-col-66 elementor-top-column elementor-element elementor-element-1cfd7d2\" data-id=\"1cfd7d2\" data-element_type=\"column\" data-e-type=\"column\" data-settings=\"{&quot;background_background&quot;:&quot;classic&quot;}\">\n\t\t\t<div class=\"elementor-widget-wrap elementor-element-populated\">\n\t\t\t\t\t\t<div class=\"elementor-element elementor-element-bbcf5b3 elementor-widget elementor-widget-heading\" data-id=\"bbcf5b3\" data-element_type=\"widget\" data-e-type=\"widget\" data-widget_type=\"heading.default\">\n\t\t\t\t\t<h2 class=\"elementor-heading-title elementor-size-default\">Social responsability\n<\/h2>\t\t\t\t<\/div>\n\t\t\t\t<div class=\"elementor-element elementor-element-8b34cee elementor-widget-divider--view-line elementor-widget elementor-widget-divider\" data-id=\"8b34cee\" data-element_type=\"widget\" data-e-type=\"widget\" data-widget_type=\"divider.default\">\n\t\t\t\t\t\t\t<div class=\"elementor-divider\">\n\t\t\t<span class=\"elementor-divider-separator\">\n\t\t\t\t\t\t<\/span>\n\t\t<\/div>\n\t\t\t\t\t\t<\/div>\n\t\t\t\t<div class=\"elementor-element elementor-element-3957e11 elementor-widget elementor-widget-text-editor\" data-id=\"3957e11\" data-element_type=\"widget\" data-e-type=\"widget\" data-widget_type=\"text-editor.default\">\n\t\t\t\t\t\t\t\t\t<p>Acting for sustainable development involves going beyond our duty to comply with the laws and regulations governing our activities.<\/p>\t\t\t\t\t\t\t\t<\/div>\n\t\t\t\t\t<\/div>\n\t\t<\/div>\n\t\t\t\t\t<\/div>\n\t\t<\/section>\n\t\t\t\t<section class=\"elementor-section elementor-top-section elementor-element elementor-element-e57802c elementor-section-stretched elementor-section-boxed elementor-section-height-default elementor-section-height-default\" data-id=\"e57802c\" data-element_type=\"section\" data-e-type=\"section\" data-settings=\"{&quot;stretch_section&quot;:&quot;section-stretched&quot;}\">\n\t\t\t\t\t\t<div class=\"elementor-container elementor-column-gap-default\">\n\t\t\t\t\t<div class=\"elementor-column elementor-col-100 elementor-top-column elementor-element elementor-element-8339e66\" data-id=\"8339e66\" data-element_type=\"column\" data-e-type=\"column\">\n\t\t\t<div class=\"elementor-widget-wrap elementor-element-populated\">\n\t\t\t\t\t\t<div class=\"elementor-element elementor-element-f2b72b2 elementor-widget elementor-widget-shortcode\" data-id=\"f2b72b2\" data-element_type=\"widget\" data-e-type=\"widget\" data-widget_type=\"shortcode.default\">\n\t\t\t\t\t\t\t<div class=\"elementor-shortcode\"><style type=\"text\/css\">.foogallery-album-gallery-list .foogallery-pile h3 { background: rgb(0, 0, 0) !important; }.foogallery-album-gallery-list .foogallery-pile h3 { color: rgb(255, 255, 255) !important; }<\/style><div id=\"foogallery-album-512\">\n\t<ul class=\"foogallery-album-gallery-list alignment-left\">\n\t\t\t\t\t\t<li>\n\t\t\t\t\t<div class=\"foogallery-pile\">\n\t\t\t\t\t\t<div class=\"foogallery-pile-inner\">\n\t\t\t\t\t\t\t<a href=\"https:\/\/demoura.com.br\/en_us\/responsabilidade-social\/gallery\/natal-sem-fome-2007#responsabilidade-social\" target=\"_self\">\n\t\t\t\t\t\t\t\t<img fetchpriority=\"high\" decoding=\"async\"  src=\"https:\/\/demoura.com.br\/wp-content\/uploads\/2019\/05\/amedoe.jpg\" width=\"400\" height=\"300\" class=\"skip-lazy\" \/>\t\t\t\t\t\t\t\t\t\t\t\t\t\t\t\t<h3>Natal sem fome\t\t\t\t\t\t\t\t\t<span>8 images<\/span>\n\t\t\t\t\t\t\t\t<\/h3>\n\t\t\t\t\t\t\t<\/a>\n\t\t\t\t\t\t<\/div>\n\t\t\t\t\t<\/div>\n\t\t\t\t<\/li>\n\t\t\t\t\t\t<\/ul>\n\t<div style=\"clear: both;\"><\/div>\n<\/div>\n<\/div>\n\t\t\t\t\t\t<\/div>\n\t\t\t\t\t<\/div>\n\t\t<\/div>\n\t\t\t\t\t<\/div>\n\t\t<\/section>\n\t\t\t\t<\/div>","protected":false},"excerpt":{"rendered":"<p>Responsabilidade Social Atuar para o desenvolvimento sustent\u00e1vel implica ir al\u00e9m de nosso dever de cumprir as leis e determina\u00e7\u00f5es que regulam nossas atividades.<\/p>","protected":false},"author":1,"featured_media":0,"parent":0,"menu_order":0,"comment_status":"closed","ping_status":"closed","template":"","meta":{"footnotes":""},"class_list":["post-352","page","type-page","status-publish","hentry"],"yoast_head":"<!-- This site is optimized with the Yoast SEO plugin v27.3 - https:\/\/yoast.com\/product\/yoast-seo-wordpress\/ -->\n<title>Responsabilidade Social - De Moura Shipping<\/title>\n<meta name=\"robots\" content=\"index, follow, max-snippet:-1, max-image-preview:large, max-video-preview:-1\" \/>\n<link rel=\"canonical\" href=\"https:\/\/demoura.com.br\/en_us\/responsabilidade-social\/\" \/>\n<meta property=\"og:locale\" content=\"en_US\" \/>\n<meta property=\"og:type\" content=\"article\" \/>\n<meta property=\"og:title\" content=\"Responsabilidade Social - De Moura Shipping\" \/>\n<meta property=\"og:description\" content=\"Responsabilidade Social Atuar para o desenvolvimento sustent\u00e1vel implica ir al\u00e9m de nosso dever de cumprir as leis e determina\u00e7\u00f5es que regulam nossas atividades.\" \/>\n<meta property=\"og:url\" content=\"https:\/\/demoura.com.br\/en_us\/responsabilidade-social\/\" \/>\n<meta property=\"og:site_name\" content=\"De Moura Shipping\" \/>\n<meta property=\"article:modified_time\" content=\"2019-12-10T16:12:47+00:00\" \/>\n<meta name=\"twitter:card\" content=\"summary_large_image\" \/>\n<script type=\"application\/ld+json\" class=\"yoast-schema-graph\">{\"@context\":\"https:\\\/\\\/schema.org\",\"@graph\":[{\"@type\":\"WebPage\",\"@id\":\"https:\\\/\\\/demoura.com.br\\\/responsabilidade-social\\\/\",\"url\":\"https:\\\/\\\/demoura.com.br\\\/responsabilidade-social\\\/\",\"name\":\"Responsabilidade Social - De Moura Shipping\",\"isPartOf\":{\"@id\":\"https:\\\/\\\/demoura.com.br\\\/#website\"},\"datePublished\":\"2019-05-13T21:26:47+00:00\",\"dateModified\":\"2019-12-10T16:12:47+00:00\",\"breadcrumb\":{\"@id\":\"https:\\\/\\\/demoura.com.br\\\/responsabilidade-social\\\/#breadcrumb\"},\"inLanguage\":\"en-US\",\"potentialAction\":[{\"@type\":\"ReadAction\",\"target\":[\"https:\\\/\\\/demoura.com.br\\\/responsabilidade-social\\\/\"]}]},{\"@type\":\"BreadcrumbList\",\"@id\":\"https:\\\/\\\/demoura.com.br\\\/responsabilidade-social\\\/#breadcrumb\",\"itemListElement\":[{\"@type\":\"ListItem\",\"position\":1,\"name\":\"Home\",\"item\":\"https:\\\/\\\/demoura.com.br\\\/\"},{\"@type\":\"ListItem\",\"position\":2,\"name\":\"Responsabilidade Social\"}]},{\"@type\":\"WebSite\",\"@id\":\"https:\\\/\\\/demoura.com.br\\\/#website\",\"url\":\"https:\\\/\\\/demoura.com.br\\\/\",\"name\":\"De Moura Shipping\",\"description\":\"Corretagem naval na compra e venda de tonelagem de segunda-m\u00e3o.\",\"publisher\":{\"@id\":\"https:\\\/\\\/demoura.com.br\\\/#organization\"},\"potentialAction\":[{\"@type\":\"SearchAction\",\"target\":{\"@type\":\"EntryPoint\",\"urlTemplate\":\"https:\\\/\\\/demoura.com.br\\\/?s={search_term_string}\"},\"query-input\":{\"@type\":\"PropertyValueSpecification\",\"valueRequired\":true,\"valueName\":\"search_term_string\"}}],\"inLanguage\":\"en-US\"},{\"@type\":\"Organization\",\"@id\":\"https:\\\/\\\/demoura.com.br\\\/#organization\",\"name\":\"De Moura Shipping\",\"url\":\"https:\\\/\\\/demoura.com.br\\\/\",\"logo\":{\"@type\":\"ImageObject\",\"inLanguage\":\"en-US\",\"@id\":\"https:\\\/\\\/demoura.com.br\\\/#\\\/schema\\\/logo\\\/image\\\/\",\"url\":\"https:\\\/\\\/demoura.com.br\\\/wp-content\\\/uploads\\\/2019\\\/05\\\/logotipo-de-moura-30-anos.jpeg\",\"contentUrl\":\"https:\\\/\\\/demoura.com.br\\\/wp-content\\\/uploads\\\/2019\\\/05\\\/logotipo-de-moura-30-anos.jpeg\",\"width\":455,\"height\":148,\"caption\":\"De Moura Shipping\"},\"image\":{\"@id\":\"https:\\\/\\\/demoura.com.br\\\/#\\\/schema\\\/logo\\\/image\\\/\"}}]}<\/script>\n<!-- \/ Yoast SEO plugin. -->","yoast_head_json":{"title":"Responsabilidade Social - De Moura Shipping","robots":{"index":"index","follow":"follow","max-snippet":"max-snippet:-1","max-image-preview":"max-image-preview:large","max-video-preview":"max-video-preview:-1"},"canonical":"https:\/\/demoura.com.br\/en_us\/responsabilidade-social\/","og_locale":"en_US","og_type":"article","og_title":"Responsabilidade Social - De Moura Shipping","og_description":"Responsabilidade Social Atuar para o desenvolvimento sustent\u00e1vel implica ir al\u00e9m de nosso dever de cumprir as leis e determina\u00e7\u00f5es que regulam nossas atividades.","og_url":"https:\/\/demoura.com.br\/en_us\/responsabilidade-social\/","og_site_name":"De Moura Shipping","article_modified_time":"2019-12-10T16:12:47+00:00","twitter_card":"summary_large_image","schema":{"@context":"https:\/\/schema.org","@graph":[{"@type":"WebPage","@id":"https:\/\/demoura.com.br\/responsabilidade-social\/","url":"https:\/\/demoura.com.br\/responsabilidade-social\/","name":"Responsabilidade Social - De Moura Shipping","isPartOf":{"@id":"https:\/\/demoura.com.br\/#website"},"datePublished":"2019-05-13T21:26:47+00:00","dateModified":"2019-12-10T16:12:47+00:00","breadcrumb":{"@id":"https:\/\/demoura.com.br\/responsabilidade-social\/#breadcrumb"},"inLanguage":"en-US","potentialAction":[{"@type":"ReadAction","target":["https:\/\/demoura.com.br\/responsabilidade-social\/"]}]},{"@type":"BreadcrumbList","@id":"https:\/\/demoura.com.br\/responsabilidade-social\/#breadcrumb","itemListElement":[{"@type":"ListItem","position":1,"name":"Home","item":"https:\/\/demoura.com.br\/"},{"@type":"ListItem","position":2,"name":"Responsabilidade Social"}]},{"@type":"WebSite","@id":"https:\/\/demoura.com.br\/#website","url":"https:\/\/demoura.com.br\/","name":"De Moura Shipping","description":"Corretagem naval na compra e venda de tonelagem de segunda-m\u00e3o.","publisher":{"@id":"https:\/\/demoura.com.br\/#organization"},"potentialAction":[{"@type":"SearchAction","target":{"@type":"EntryPoint","urlTemplate":"https:\/\/demoura.com.br\/?s={search_term_string}"},"query-input":{"@type":"PropertyValueSpecification","valueRequired":true,"valueName":"search_term_string"}}],"inLanguage":"en-US"},{"@type":"Organization","@id":"https:\/\/demoura.com.br\/#organization","name":"De Moura Shipping","url":"https:\/\/demoura.com.br\/","logo":{"@type":"ImageObject","inLanguage":"en-US","@id":"https:\/\/demoura.com.br\/#\/schema\/logo\/image\/","url":"https:\/\/demoura.com.br\/wp-content\/uploads\/2019\/05\/logotipo-de-moura-30-anos.jpeg","contentUrl":"https:\/\/demoura.com.br\/wp-content\/uploads\/2019\/05\/logotipo-de-moura-30-anos.jpeg","width":455,"height":148,"caption":"De Moura Shipping"},"image":{"@id":"https:\/\/demoura.com.br\/#\/schema\/logo\/image\/"}}]}},"_links":{"self":[{"href":"https:\/\/demoura.com.br\/en_us\/wp-json\/wp\/v2\/pages\/352","targetHints":{"allow":["GET"]}}],"collection":[{"href":"https:\/\/demoura.com.br\/en_us\/wp-json\/wp\/v2\/pages"}],"about":[{"href":"https:\/\/demoura.com.br\/en_us\/wp-json\/wp\/v2\/types\/page"}],"author":[{"embeddable":true,"href":"https:\/\/demoura.com.br\/en_us\/wp-json\/wp\/v2\/users\/1"}],"replies":[{"embeddable":true,"href":"https:\/\/demoura.com.br\/en_us\/wp-json\/wp\/v2\/comments?post=352"}],"version-history":[{"count":2,"href":"https:\/\/demoura.com.br\/en_us\/wp-json\/wp\/v2\/pages\/352\/revisions"}],"predecessor-version":[{"id":629,"href":"https:\/\/demoura.com.br\/en_us\/wp-json\/wp\/v2\/pages\/352\/revisions\/629"}],"wp:attachment":[{"href":"https:\/\/demoura.com.br\/en_us\/wp-json\/wp\/v2\/media?parent=352"}],"curies":[{"name":"wp","href":"https:\/\/api.w.org\/{rel}","templated":true}]}}