{"id":1055,"date":"2021-01-26T15:27:45","date_gmt":"2021-01-26T18:27:45","guid":{"rendered":"https:\/\/demoura.com.br\/?page_id=1055"},"modified":"2024-11-06T18:52:17","modified_gmt":"2024-11-06T21:52:17","slug":"midia","status":"publish","type":"page","link":"http:\/\/demoura.com.br\/en_us\/midia\/","title":{"rendered":"M\u00eddia"},"content":{"rendered":"<div data-elementor-type=\"wp-post\" data-elementor-id=\"1055\" class=\"elementor elementor-1055\" data-elementor-post-type=\"page\">\n\t\t\t\t\t\t<section class=\"elementor-section elementor-top-section elementor-element elementor-element-8a9c1df elementor-section-boxed elementor-section-height-default elementor-section-height-default\" data-id=\"8a9c1df\" data-element_type=\"section\" data-e-type=\"section\">\n\t\t\t\t\t\t<div class=\"elementor-container elementor-column-gap-default\">\n\t\t\t\t\t<div class=\"elementor-column elementor-col-100 elementor-top-column elementor-element elementor-element-970f989\" data-id=\"970f989\" data-element_type=\"column\" data-e-type=\"column\">\n\t\t\t<div class=\"elementor-widget-wrap elementor-element-populated\">\n\t\t\t\t\t\t<div class=\"elementor-element elementor-element-3e4f2e4 elementor-widget elementor-widget-heading\" data-id=\"3e4f2e4\" data-element_type=\"widget\" data-e-type=\"widget\" data-widget_type=\"heading.default\">\n\t\t\t\t\t<h2 class=\"elementor-heading-title elementor-size-default\">Publica\u00e7\u00f5es\n<\/h2>\t\t\t\t<\/div>\n\t\t\t\t\t<\/div>\n\t\t<\/div>\n\t\t\t\t\t<\/div>\n\t\t<\/section>\n\t\t\t\t<section class=\"elementor-section elementor-top-section elementor-element elementor-element-36d61cc elementor-section-boxed elementor-section-height-default elementor-section-height-default\" data-id=\"36d61cc\" data-element_type=\"section\" data-e-type=\"section\">\n\t\t\t\t\t\t<div class=\"elementor-container elementor-column-gap-default\">\n\t\t\t\t\t<div class=\"elementor-column elementor-col-50 elementor-top-column elementor-element elementor-element-d87a280\" data-id=\"d87a280\" data-element_type=\"column\" data-e-type=\"column\">\n\t\t\t<div class=\"elementor-widget-wrap elementor-element-populated\">\n\t\t\t\t\t\t<div class=\"elementor-element elementor-element-cc44887 elementor-widget elementor-widget-image\" data-id=\"cc44887\" data-element_type=\"widget\" data-e-type=\"widget\" data-widget_type=\"image.default\">\n\t\t\t\t\t\t\t\t\t\t\t\t\t\t\t<img fetchpriority=\"high\" decoding=\"async\" width=\"300\" height=\"248\" src=\"https:\/\/demoura.com.br\/wp-content\/uploads\/2021\/01\/leticia-ordem-merityo-naval-e1611685490906.jpg\" class=\"attachment-full size-full wp-image-1073\" alt=\"\" \/>\t\t\t\t\t\t\t\t\t\t\t\t\t\t\t<\/div>\n\t\t\t\t<div class=\"elementor-element elementor-element-3670f9b elementor-widget elementor-widget-text-editor\" data-id=\"3670f9b\" data-element_type=\"widget\" data-e-type=\"widget\" data-widget_type=\"text-editor.default\">\n\t\t\t\t\t\t\t\t\t<p><a href=\"https:\/\/amigosdomartv.blogspot.com\/2021\/01\/fernanda-leticia-da-silva-recebeu.html\">https:\/\/amigosdomartv.blogspot.com\/2021\/01\/fernanda-leticia-da-silva-recebeu.html<\/a><\/p>\t\t\t\t\t\t\t\t<\/div>\n\t\t\t\t\t<\/div>\n\t\t<\/div>\n\t\t\t\t<div class=\"elementor-column elementor-col-50 elementor-top-column elementor-element elementor-element-3d2ffd0\" data-id=\"3d2ffd0\" data-element_type=\"column\" data-e-type=\"column\">\n\t\t\t<div class=\"elementor-widget-wrap elementor-element-populated\">\n\t\t\t\t\t\t<div class=\"elementor-element elementor-element-e4ecdfe elementor-widget elementor-widget-image\" data-id=\"e4ecdfe\" data-element_type=\"widget\" data-e-type=\"widget\" data-widget_type=\"image.default\">\n\t\t\t\t\t\t\t\t\t\t\t\t\t\t\t<img fetchpriority=\"high\" decoding=\"async\" width=\"300\" height=\"248\" src=\"https:\/\/demoura.com.br\/wp-content\/uploads\/2021\/01\/leticia-ordem-merityo-naval-e1611685490906.jpg\" class=\"attachment-full size-full wp-image-1073\" alt=\"\" \/>\t\t\t\t\t\t\t\t\t\t\t\t\t\t\t<\/div>\n\t\t\t\t<div class=\"elementor-element elementor-element-45fb3d3 elementor-widget elementor-widget-text-editor\" data-id=\"45fb3d3\" data-element_type=\"widget\" data-e-type=\"widget\" data-widget_type=\"text-editor.default\">\n\t\t\t\t\t\t\t\t\t<p><a href=\"https:\/\/amigosdomartv.blogspot.com\/2021\/01\/fernanda-leticia-da-silva-recebeu.html\">https:\/\/amigosdomartv.blogspot.com\/2021\/01\/fernanda-leticia-da-silva-recebeu.html<\/a><\/p>\t\t\t\t\t\t\t\t<\/div>\n\t\t\t\t\t<\/div>\n\t\t<\/div>\n\t\t\t\t\t<\/div>\n\t\t<\/section>\n\t\t\t\t<section class=\"elementor-section elementor-top-section elementor-element elementor-element-aabffb3 elementor-section-boxed elementor-section-height-default elementor-section-height-default\" data-id=\"aabffb3\" data-element_type=\"section\" data-e-type=\"section\">\n\t\t\t\t\t\t<div class=\"elementor-container elementor-column-gap-default\">\n\t\t\t\t\t<div class=\"elementor-column elementor-col-100 elementor-top-column elementor-element elementor-element-705b826\" data-id=\"705b826\" data-element_type=\"column\" data-e-type=\"column\">\n\t\t\t<div class=\"elementor-widget-wrap elementor-element-populated\">\n\t\t\t\t\t\t<div class=\"elementor-element elementor-element-c19f66b elementor-widget elementor-widget-heading\" data-id=\"c19f66b\" data-element_type=\"widget\" data-e-type=\"widget\" data-widget_type=\"heading.default\">\n\t\t\t\t\t<h2 class=\"elementor-heading-title elementor-size-default\">Videos<\/h2>\t\t\t\t<\/div>\n\t\t\t\t\t<\/div>\n\t\t<\/div>\n\t\t\t\t\t<\/div>\n\t\t<\/section>\n\t\t\t\t<section class=\"elementor-section elementor-top-section elementor-element elementor-element-ad25933 elementor-section-boxed elementor-section-height-default elementor-section-height-default\" data-id=\"ad25933\" data-element_type=\"section\" data-e-type=\"section\">\n\t\t\t\t\t\t<div class=\"elementor-container elementor-column-gap-default\">\n\t\t\t\t\t<div class=\"elementor-column elementor-col-100 elementor-top-column elementor-element elementor-element-5b0ca9b\" data-id=\"5b0ca9b\" data-element_type=\"column\" data-e-type=\"column\">\n\t\t\t<div class=\"elementor-widget-wrap elementor-element-populated\">\n\t\t\t\t\t\t<section class=\"elementor-section elementor-inner-section elementor-element elementor-element-7d7ce85 elementor-section-boxed elementor-section-height-default elementor-section-height-default\" data-id=\"7d7ce85\" data-element_type=\"section\" data-e-type=\"section\">\n\t\t\t\t\t\t<div class=\"elementor-container elementor-column-gap-default\">\n\t\t\t\t\t<div class=\"elementor-column elementor-col-50 elementor-inner-column elementor-element elementor-element-66d4fa9\" data-id=\"66d4fa9\" data-element_type=\"column\" data-e-type=\"column\">\n\t\t\t<div class=\"elementor-widget-wrap elementor-element-populated\">\n\t\t\t\t\t\t<div class=\"elementor-element elementor-element-e3b37cb elementor-widget elementor-widget-video\" data-id=\"e3b37cb\" data-element_type=\"widget\" data-e-type=\"widget\" data-settings=\"{&quot;youtube_url&quot;:&quot;https:\\\/\\\/youtu.be\\\/BQ0LS4O_4SY&quot;,&quot;video_type&quot;:&quot;youtube&quot;,&quot;controls&quot;:&quot;yes&quot;}\" data-widget_type=\"video.default\">\n\t\t\t\t\t\t\t<div class=\"elementor-wrapper elementor-open-inline\">\n\t\t\t<div class=\"elementor-video\"><\/div>\t\t<\/div>\n\t\t\t\t\t\t<\/div>\n\t\t\t\t\t<\/div>\n\t\t<\/div>\n\t\t\t\t<div class=\"elementor-column elementor-col-50 elementor-inner-column elementor-element elementor-element-aefdddd\" data-id=\"aefdddd\" data-element_type=\"column\" data-e-type=\"column\">\n\t\t\t<div class=\"elementor-widget-wrap elementor-element-populated\">\n\t\t\t\t\t\t<div class=\"elementor-element elementor-element-0ded442 elementor-widget elementor-widget-video\" data-id=\"0ded442\" data-element_type=\"widget\" data-e-type=\"widget\" data-settings=\"{&quot;youtube_url&quot;:&quot;https:\\\/\\\/youtu.be\\\/17cMA0JsiHw&quot;,&quot;video_type&quot;:&quot;youtube&quot;,&quot;controls&quot;:&quot;yes&quot;}\" data-widget_type=\"video.default\">\n\t\t\t\t\t\t\t<div class=\"elementor-wrapper elementor-open-inline\">\n\t\t\t<div class=\"elementor-video\"><\/div>\t\t<\/div>\n\t\t\t\t\t\t<\/div>\n\t\t\t\t\t<\/div>\n\t\t<\/div>\n\t\t\t\t\t<\/div>\n\t\t<\/section>\n\t\t\t\t<section class=\"elementor-section elementor-inner-section elementor-element elementor-element-a2c8905 elementor-section-boxed elementor-section-height-default elementor-section-height-default\" data-id=\"a2c8905\" data-element_type=\"section\" data-e-type=\"section\">\n\t\t\t\t\t\t<div class=\"elementor-container elementor-column-gap-default\">\n\t\t\t\t\t<div class=\"elementor-column elementor-col-50 elementor-inner-column elementor-element elementor-element-e9a2154\" data-id=\"e9a2154\" data-element_type=\"column\" data-e-type=\"column\">\n\t\t\t<div class=\"elementor-widget-wrap elementor-element-populated\">\n\t\t\t\t\t\t<div class=\"elementor-element elementor-element-84f96ba elementor-widget elementor-widget-text-editor\" data-id=\"84f96ba\" data-element_type=\"widget\" data-e-type=\"widget\" data-widget_type=\"text-editor.default\">\n\t\t\t\t\t\t\t\t\t<h1 class=\"title style-scope ytd-video-primary-info-renderer\">Pr\u00e1tico Let\u00edcia Silva &#8211; M\u00e9rito Naval por S\u00e9rgio de Moura<\/h1>\t\t\t\t\t\t\t\t<\/div>\n\t\t\t\t\t<\/div>\n\t\t<\/div>\n\t\t\t\t<div class=\"elementor-column elementor-col-50 elementor-inner-column elementor-element elementor-element-947121b\" data-id=\"947121b\" data-element_type=\"column\" data-e-type=\"column\">\n\t\t\t<div class=\"elementor-widget-wrap elementor-element-populated\">\n\t\t\t\t\t\t<div class=\"elementor-element elementor-element-c52fef7 elementor-widget elementor-widget-text-editor\" data-id=\"c52fef7\" data-element_type=\"widget\" data-e-type=\"widget\" data-widget_type=\"text-editor.default\">\n\t\t\t\t\t\t\t\t\t<h1 class=\"title style-scope ytd-video-primary-info-renderer\">Pr\u00e1tico Let\u00edcia Silva &#8211; M\u00e9rito Naval &#8211; Sobre a sua trajet\u00f3ria<\/h1>\t\t\t\t\t\t\t\t<\/div>\n\t\t\t\t\t<\/div>\n\t\t<\/div>\n\t\t\t\t\t<\/div>\n\t\t<\/section>\n\t\t\t\t\t<\/div>\n\t\t<\/div>\n\t\t\t\t\t<\/div>\n\t\t<\/section>\n\t\t\t\t<section class=\"elementor-section elementor-top-section elementor-element elementor-element-d032100 elementor-section-boxed elementor-section-height-default elementor-section-height-default\" data-id=\"d032100\" data-element_type=\"section\" data-e-type=\"section\">\n\t\t\t\t\t\t<div class=\"elementor-container elementor-column-gap-default\">\n\t\t\t\t\t<div class=\"elementor-column elementor-col-100 elementor-top-column elementor-element elementor-element-da17f0c\" data-id=\"da17f0c\" data-element_type=\"column\" data-e-type=\"column\">\n\t\t\t<div class=\"elementor-widget-wrap elementor-element-populated\">\n\t\t\t\t\t\t<section class=\"elementor-section elementor-inner-section elementor-element elementor-element-bb85c00 elementor-section-boxed elementor-section-height-default elementor-section-height-default\" data-id=\"bb85c00\" data-element_type=\"section\" data-e-type=\"section\">\n\t\t\t\t\t\t<div class=\"elementor-container elementor-column-gap-default\">\n\t\t\t\t\t<div class=\"elementor-column elementor-col-50 elementor-inner-column elementor-element elementor-element-a00a078\" data-id=\"a00a078\" data-element_type=\"column\" data-e-type=\"column\">\n\t\t\t<div class=\"elementor-widget-wrap elementor-element-populated\">\n\t\t\t\t\t\t<div class=\"elementor-element elementor-element-9a4bad0 elementor-widget elementor-widget-video\" data-id=\"9a4bad0\" data-element_type=\"widget\" data-e-type=\"widget\" data-settings=\"{&quot;youtube_url&quot;:&quot;https:\\\/\\\/youtu.be\\\/scco2mc_WEU&quot;,&quot;video_type&quot;:&quot;youtube&quot;,&quot;controls&quot;:&quot;yes&quot;}\" data-widget_type=\"video.default\">\n\t\t\t\t\t\t\t<div class=\"elementor-wrapper elementor-open-inline\">\n\t\t\t<div class=\"elementor-video\"><\/div>\t\t<\/div>\n\t\t\t\t\t\t<\/div>\n\t\t\t\t\t<\/div>\n\t\t<\/div>\n\t\t\t\t<div class=\"elementor-column elementor-col-50 elementor-inner-column elementor-element elementor-element-914fc35\" data-id=\"914fc35\" data-element_type=\"column\" data-e-type=\"column\">\n\t\t\t<div class=\"elementor-widget-wrap elementor-element-populated\">\n\t\t\t\t\t\t<div class=\"elementor-element elementor-element-63e4bcd elementor-widget elementor-widget-video\" data-id=\"63e4bcd\" data-element_type=\"widget\" data-e-type=\"widget\" data-settings=\"{&quot;youtube_url&quot;:&quot;https:\\\/\\\/youtu.be\\\/99scbw36l3A&quot;,&quot;video_type&quot;:&quot;youtube&quot;,&quot;controls&quot;:&quot;yes&quot;}\" data-widget_type=\"video.default\">\n\t\t\t\t\t\t\t<div class=\"elementor-wrapper elementor-open-inline\">\n\t\t\t<div class=\"elementor-video\"><\/div>\t\t<\/div>\n\t\t\t\t\t\t<\/div>\n\t\t\t\t\t<\/div>\n\t\t<\/div>\n\t\t\t\t\t<\/div>\n\t\t<\/section>\n\t\t\t\t<section class=\"elementor-section elementor-inner-section elementor-element elementor-element-f76a400 elementor-section-boxed elementor-section-height-default elementor-section-height-default\" data-id=\"f76a400\" data-element_type=\"section\" data-e-type=\"section\">\n\t\t\t\t\t\t<div class=\"elementor-container elementor-column-gap-default\">\n\t\t\t\t\t<div class=\"elementor-column elementor-col-50 elementor-inner-column elementor-element elementor-element-2d80877\" data-id=\"2d80877\" data-element_type=\"column\" data-e-type=\"column\">\n\t\t\t<div class=\"elementor-widget-wrap elementor-element-populated\">\n\t\t\t\t\t\t<div class=\"elementor-element elementor-element-d29a8c1 elementor-widget elementor-widget-text-editor\" data-id=\"d29a8c1\" data-element_type=\"widget\" data-e-type=\"widget\" data-widget_type=\"text-editor.default\">\n\t\t\t\t\t\t\t\t\t<h1 class=\"title style-scope ytd-video-primary-info-renderer\">Pr\u00e1tico Let\u00edcia Silva &#8211; M\u00e9rito Naval &#8211; Sobre o reconhecimento<\/h1>\t\t\t\t\t\t\t\t<\/div>\n\t\t\t\t\t<\/div>\n\t\t<\/div>\n\t\t\t\t<div class=\"elementor-column elementor-col-50 elementor-inner-column elementor-element elementor-element-dd72844\" data-id=\"dd72844\" data-element_type=\"column\" data-e-type=\"column\">\n\t\t\t<div class=\"elementor-widget-wrap elementor-element-populated\">\n\t\t\t\t\t\t<div class=\"elementor-element elementor-element-2935ec4 elementor-widget elementor-widget-text-editor\" data-id=\"2935ec4\" data-element_type=\"widget\" data-e-type=\"widget\" data-widget_type=\"text-editor.default\">\n\t\t\t\t\t\t\t\t\t<h1 class=\"title style-scope ytd-video-primary-info-renderer\">Pr\u00e1tico Let\u00edcia Silva &#8211; M\u00e9rito Naval por Bruno Tavares<\/h1>\t\t\t\t\t\t\t\t<\/div>\n\t\t\t\t\t<\/div>\n\t\t<\/div>\n\t\t\t\t\t<\/div>\n\t\t<\/section>\n\t\t\t\t\t<\/div>\n\t\t<\/div>\n\t\t\t\t\t<\/div>\n\t\t<\/section>\n\t\t\t\t<\/div>","protected":false},"excerpt":{"rendered":"<p>Publica\u00e7\u00f5es https:\/\/amigosdomartv.blogspot.com\/2021\/01\/fernanda-leticia-da-silva-recebeu.html https:\/\/amigosdomartv.blogspot.com\/2021\/01\/fernanda-leticia-da-silva-recebeu.html V\u00eddeos https:\/\/youtu.be\/BQ0LS4O_4SYhttps:\/\/youtu.be\/17cMA0JsiHw Pr\u00e1tico Let\u00edcia Silva &#8211; M\u00e9rito Naval por S\u00e9rgio de Moura Pr\u00e1tico Let\u00edcia Silva &#8211; M\u00e9rito Naval &#8211; Sobre a sua trajet\u00f3ria https:\/\/youtu.be\/scco2mc_WEUhttps:\/\/youtu.be\/99scbw36l3A Pr\u00e1tico Let\u00edcia Silva &#8211; M\u00e9rito Naval &#8211; Sobre o reconhecimento Pr\u00e1tico Let\u00edcia Silva &#8211; M\u00e9rito Naval por Bruno Tavares<\/p>","protected":false},"author":2,"featured_media":0,"parent":0,"menu_order":0,"comment_status":"closed","ping_status":"closed","template":"","meta":{"footnotes":""},"class_list":["post-1055","page","type-page","status-publish","hentry"],"yoast_head":"<!-- This site is optimized with the Yoast SEO plugin v27.3 - https:\/\/yoast.com\/product\/yoast-seo-wordpress\/ -->\n<title>M\u00eddia - De Moura Shipping<\/title>\n<meta name=\"robots\" content=\"index, follow, max-snippet:-1, max-image-preview:large, max-video-preview:-1\" \/>\n<link rel=\"canonical\" href=\"https:\/\/demoura.com.br\/en_us\/midia\/\" \/>\n<meta property=\"og:locale\" content=\"en_US\" \/>\n<meta property=\"og:type\" content=\"article\" \/>\n<meta property=\"og:title\" content=\"M\u00eddia - De Moura Shipping\" \/>\n<meta property=\"og:description\" content=\"Publica\u00e7\u00f5es https:\/\/amigosdomartv.blogspot.com\/2021\/01\/fernanda-leticia-da-silva-recebeu.html https:\/\/amigosdomartv.blogspot.com\/2021\/01\/fernanda-leticia-da-silva-recebeu.html V\u00eddeos https:\/\/youtu.be\/BQ0LS4O_4SYhttps:\/\/youtu.be\/17cMA0JsiHw Pr\u00e1tico Let\u00edcia Silva &#8211; M\u00e9rito Naval por S\u00e9rgio de Moura Pr\u00e1tico Let\u00edcia Silva &#8211; M\u00e9rito Naval &#8211; Sobre a sua trajet\u00f3ria https:\/\/youtu.be\/scco2mc_WEUhttps:\/\/youtu.be\/99scbw36l3A Pr\u00e1tico Let\u00edcia Silva &#8211; M\u00e9rito Naval &#8211; Sobre o reconhecimento Pr\u00e1tico Let\u00edcia Silva &#8211; M\u00e9rito Naval por Bruno Tavares\" \/>\n<meta property=\"og:url\" content=\"https:\/\/demoura.com.br\/en_us\/midia\/\" \/>\n<meta property=\"og:site_name\" content=\"De Moura Shipping\" \/>\n<meta property=\"article:modified_time\" content=\"2024-11-06T21:52:17+00:00\" \/>\n<meta property=\"og:image\" content=\"https:\/\/demoura.com.br\/wp-content\/uploads\/2021\/01\/leticia-ordem-merityo-naval-e1611685490906.jpg\" \/>\n<meta name=\"twitter:card\" content=\"summary_large_image\" \/>\n<script type=\"application\/ld+json\" class=\"yoast-schema-graph\">{\"@context\":\"https:\\\/\\\/schema.org\",\"@graph\":[{\"@type\":\"WebPage\",\"@id\":\"https:\\\/\\\/demoura.com.br\\\/midia\\\/\",\"url\":\"https:\\\/\\\/demoura.com.br\\\/midia\\\/\",\"name\":\"M\u00eddia - De Moura Shipping\",\"isPartOf\":{\"@id\":\"https:\\\/\\\/demoura.com.br\\\/#website\"},\"primaryImageOfPage\":{\"@id\":\"https:\\\/\\\/demoura.com.br\\\/midia\\\/#primaryimage\"},\"image\":{\"@id\":\"https:\\\/\\\/demoura.com.br\\\/midia\\\/#primaryimage\"},\"thumbnailUrl\":\"https:\\\/\\\/demoura.com.br\\\/wp-content\\\/uploads\\\/2021\\\/01\\\/leticia-ordem-merityo-naval-e1611685490906.jpg\",\"datePublished\":\"2021-01-26T18:27:45+00:00\",\"dateModified\":\"2024-11-06T21:52:17+00:00\",\"breadcrumb\":{\"@id\":\"https:\\\/\\\/demoura.com.br\\\/midia\\\/#breadcrumb\"},\"inLanguage\":\"en-US\",\"potentialAction\":[{\"@type\":\"ReadAction\",\"target\":[\"https:\\\/\\\/demoura.com.br\\\/midia\\\/\"]}]},{\"@type\":\"ImageObject\",\"inLanguage\":\"en-US\",\"@id\":\"https:\\\/\\\/demoura.com.br\\\/midia\\\/#primaryimage\",\"url\":\"https:\\\/\\\/demoura.com.br\\\/wp-content\\\/uploads\\\/2021\\\/01\\\/leticia-ordem-merityo-naval-e1611685490906.jpg\",\"contentUrl\":\"https:\\\/\\\/demoura.com.br\\\/wp-content\\\/uploads\\\/2021\\\/01\\\/leticia-ordem-merityo-naval-e1611685490906.jpg\"},{\"@type\":\"BreadcrumbList\",\"@id\":\"https:\\\/\\\/demoura.com.br\\\/midia\\\/#breadcrumb\",\"itemListElement\":[{\"@type\":\"ListItem\",\"position\":1,\"name\":\"Home\",\"item\":\"https:\\\/\\\/demoura.com.br\\\/\"},{\"@type\":\"ListItem\",\"position\":2,\"name\":\"M\u00eddia\"}]},{\"@type\":\"WebSite\",\"@id\":\"https:\\\/\\\/demoura.com.br\\\/#website\",\"url\":\"https:\\\/\\\/demoura.com.br\\\/\",\"name\":\"De Moura Shipping\",\"description\":\"Corretagem naval na compra e venda de tonelagem de segunda-m\u00e3o.\",\"publisher\":{\"@id\":\"https:\\\/\\\/demoura.com.br\\\/#organization\"},\"potentialAction\":[{\"@type\":\"SearchAction\",\"target\":{\"@type\":\"EntryPoint\",\"urlTemplate\":\"https:\\\/\\\/demoura.com.br\\\/?s={search_term_string}\"},\"query-input\":{\"@type\":\"PropertyValueSpecification\",\"valueRequired\":true,\"valueName\":\"search_term_string\"}}],\"inLanguage\":\"en-US\"},{\"@type\":\"Organization\",\"@id\":\"https:\\\/\\\/demoura.com.br\\\/#organization\",\"name\":\"De Moura Shipping\",\"url\":\"https:\\\/\\\/demoura.com.br\\\/\",\"logo\":{\"@type\":\"ImageObject\",\"inLanguage\":\"en-US\",\"@id\":\"https:\\\/\\\/demoura.com.br\\\/#\\\/schema\\\/logo\\\/image\\\/\",\"url\":\"https:\\\/\\\/demoura.com.br\\\/wp-content\\\/uploads\\\/2019\\\/05\\\/logotipo-de-moura-30-anos.jpeg\",\"contentUrl\":\"https:\\\/\\\/demoura.com.br\\\/wp-content\\\/uploads\\\/2019\\\/05\\\/logotipo-de-moura-30-anos.jpeg\",\"width\":455,\"height\":148,\"caption\":\"De Moura Shipping\"},\"image\":{\"@id\":\"https:\\\/\\\/demoura.com.br\\\/#\\\/schema\\\/logo\\\/image\\\/\"}}]}<\/script>\n<!-- \/ Yoast SEO plugin. -->","yoast_head_json":{"title":"M\u00eddia - De Moura Shipping","robots":{"index":"index","follow":"follow","max-snippet":"max-snippet:-1","max-image-preview":"max-image-preview:large","max-video-preview":"max-video-preview:-1"},"canonical":"https:\/\/demoura.com.br\/en_us\/midia\/","og_locale":"en_US","og_type":"article","og_title":"M\u00eddia - De Moura Shipping","og_description":"Publica\u00e7\u00f5es https:\/\/amigosdomartv.blogspot.com\/2021\/01\/fernanda-leticia-da-silva-recebeu.html https:\/\/amigosdomartv.blogspot.com\/2021\/01\/fernanda-leticia-da-silva-recebeu.html V\u00eddeos https:\/\/youtu.be\/BQ0LS4O_4SYhttps:\/\/youtu.be\/17cMA0JsiHw Pr\u00e1tico Let\u00edcia Silva &#8211; M\u00e9rito Naval por S\u00e9rgio de Moura Pr\u00e1tico Let\u00edcia Silva &#8211; M\u00e9rito Naval &#8211; Sobre a sua trajet\u00f3ria https:\/\/youtu.be\/scco2mc_WEUhttps:\/\/youtu.be\/99scbw36l3A Pr\u00e1tico Let\u00edcia Silva &#8211; M\u00e9rito Naval &#8211; Sobre o reconhecimento Pr\u00e1tico Let\u00edcia Silva &#8211; M\u00e9rito Naval por Bruno Tavares","og_url":"https:\/\/demoura.com.br\/en_us\/midia\/","og_site_name":"De Moura Shipping","article_modified_time":"2024-11-06T21:52:17+00:00","og_image":[{"url":"https:\/\/demoura.com.br\/wp-content\/uploads\/2021\/01\/leticia-ordem-merityo-naval-e1611685490906.jpg","type":"","width":"","height":""}],"twitter_card":"summary_large_image","schema":{"@context":"https:\/\/schema.org","@graph":[{"@type":"WebPage","@id":"https:\/\/demoura.com.br\/midia\/","url":"https:\/\/demoura.com.br\/midia\/","name":"M\u00eddia - De Moura Shipping","isPartOf":{"@id":"https:\/\/demoura.com.br\/#website"},"primaryImageOfPage":{"@id":"https:\/\/demoura.com.br\/midia\/#primaryimage"},"image":{"@id":"https:\/\/demoura.com.br\/midia\/#primaryimage"},"thumbnailUrl":"https:\/\/demoura.com.br\/wp-content\/uploads\/2021\/01\/leticia-ordem-merityo-naval-e1611685490906.jpg","datePublished":"2021-01-26T18:27:45+00:00","dateModified":"2024-11-06T21:52:17+00:00","breadcrumb":{"@id":"https:\/\/demoura.com.br\/midia\/#breadcrumb"},"inLanguage":"en-US","potentialAction":[{"@type":"ReadAction","target":["https:\/\/demoura.com.br\/midia\/"]}]},{"@type":"ImageObject","inLanguage":"en-US","@id":"https:\/\/demoura.com.br\/midia\/#primaryimage","url":"https:\/\/demoura.com.br\/wp-content\/uploads\/2021\/01\/leticia-ordem-merityo-naval-e1611685490906.jpg","contentUrl":"https:\/\/demoura.com.br\/wp-content\/uploads\/2021\/01\/leticia-ordem-merityo-naval-e1611685490906.jpg"},{"@type":"BreadcrumbList","@id":"https:\/\/demoura.com.br\/midia\/#breadcrumb","itemListElement":[{"@type":"ListItem","position":1,"name":"Home","item":"https:\/\/demoura.com.br\/"},{"@type":"ListItem","position":2,"name":"M\u00eddia"}]},{"@type":"WebSite","@id":"https:\/\/demoura.com.br\/#website","url":"https:\/\/demoura.com.br\/","name":"De Moura Shipping","description":"Corretagem naval na compra e venda de tonelagem de segunda-m\u00e3o.","publisher":{"@id":"https:\/\/demoura.com.br\/#organization"},"potentialAction":[{"@type":"SearchAction","target":{"@type":"EntryPoint","urlTemplate":"https:\/\/demoura.com.br\/?s={search_term_string}"},"query-input":{"@type":"PropertyValueSpecification","valueRequired":true,"valueName":"search_term_string"}}],"inLanguage":"en-US"},{"@type":"Organization","@id":"https:\/\/demoura.com.br\/#organization","name":"De Moura Shipping","url":"https:\/\/demoura.com.br\/","logo":{"@type":"ImageObject","inLanguage":"en-US","@id":"https:\/\/demoura.com.br\/#\/schema\/logo\/image\/","url":"https:\/\/demoura.com.br\/wp-content\/uploads\/2019\/05\/logotipo-de-moura-30-anos.jpeg","contentUrl":"https:\/\/demoura.com.br\/wp-content\/uploads\/2019\/05\/logotipo-de-moura-30-anos.jpeg","width":455,"height":148,"caption":"De Moura Shipping"},"image":{"@id":"https:\/\/demoura.com.br\/#\/schema\/logo\/image\/"}}]}},"_links":{"self":[{"href":"http:\/\/demoura.com.br\/en_us\/wp-json\/wp\/v2\/pages\/1055","targetHints":{"allow":["GET"]}}],"collection":[{"href":"http:\/\/demoura.com.br\/en_us\/wp-json\/wp\/v2\/pages"}],"about":[{"href":"http:\/\/demoura.com.br\/en_us\/wp-json\/wp\/v2\/types\/page"}],"author":[{"embeddable":true,"href":"http:\/\/demoura.com.br\/en_us\/wp-json\/wp\/v2\/users\/2"}],"replies":[{"embeddable":true,"href":"http:\/\/demoura.com.br\/en_us\/wp-json\/wp\/v2\/comments?post=1055"}],"version-history":[{"count":3,"href":"http:\/\/demoura.com.br\/en_us\/wp-json\/wp\/v2\/pages\/1055\/revisions"}],"predecessor-version":[{"id":1342,"href":"http:\/\/demoura.com.br\/en_us\/wp-json\/wp\/v2\/pages\/1055\/revisions\/1342"}],"wp:attachment":[{"href":"http:\/\/demoura.com.br\/en_us\/wp-json\/wp\/v2\/media?parent=1055"}],"curies":[{"name":"wp","href":"https:\/\/api.w.org\/{rel}","templated":true}]}}